{"id":86,"date":"2020-03-23T11:30:41","date_gmt":"2020-03-23T11:30:41","guid":{"rendered":"https:\/\/demosites.io\/rokophoto-gb\/?page_id=86"},"modified":"2024-08-20T14:04:07","modified_gmt":"2024-08-20T11:04:07","slug":"anasayfa","status":"publish","type":"page","link":"https:\/\/kasapgross.com.tr\/","title":{"rendered":"Anasayfa"},"content":{"rendered":"\n<div id=\"wp-block-themeisle-blocks-advanced-columns-427f53fe\" class=\"wp-block-themeisle-blocks-advanced-columns alignfull has-1-columns has-desktop-equal-layout has-tablet-equal-layout has-mobile-equal-layout has-vertical-unset\"><div class=\"wp-block-themeisle-blocks-advanced-columns-overlay\"><\/div><div class=\"innerblocks-wrap\">\n<div id=\"wp-block-themeisle-blocks-advanced-column-e917b60f\" class=\"wp-block-themeisle-blocks-advanced-column\"><div class=\"wp-block-image\">\n<figure class=\"aligncenter size-full is-resized\"><img loading=\"lazy\" decoding=\"async\" width=\"774\" height=\"668\" src=\"https:\/\/kasapgross.com.tr\/wp-content\/uploads\/2024\/08\/logo-b-1.png\" alt=\"\" class=\"wp-image-270\" style=\"width:102px;height:auto\" srcset=\"https:\/\/kasapgross.com.tr\/wp-content\/uploads\/2024\/08\/logo-b-1.png 774w, https:\/\/kasapgross.com.tr\/wp-content\/uploads\/2024\/08\/logo-b-1-300x259.png 300w, https:\/\/kasapgross.com.tr\/wp-content\/uploads\/2024\/08\/logo-b-1-768x663.png 768w\" sizes=\"auto, (max-width: 774px) 100vw, 774px\" \/><\/figure>\n<\/div>\n\n\n<p class=\"has-text-align-center has-white-color has-text-color\" style=\"font-size:27px\">\u00a0<strong><mark style=\"background-color:rgba(0, 0, 0, 0)\" class=\"has-inline-color has-neve-link-hover-color-color\">KASAPGROSS<\/mark><\/strong> <\/p>\n\n\n\n<p class=\"has-text-align-center has-white-color has-text-color\" style=\"font-size:27px\"><strong>Tolga BEK<\/strong><\/p>\n\n\n\n<p id=\"wp-block-themeisle-blocks-advanced-heading-085cae8d\" class=\"wp-block-themeisle-blocks-advanced-heading wp-block-themeisle-blocks-advanced-heading-085cae8d o-typing-delay-1s\"><o-anim-typing>Eti Sanata D\u00f6n\u00fc\u015ft\u00fcr\u00fcyoruz<\/o-anim-typing><\/p>\n\n\n\n<p class=\"has-text-align-center has-white-color has-text-color\" style=\"font-size:27px\">Macun Mahallesi 187. Cadde No:41<\/p>\n\n\n\n<p class=\"has-text-align-center has-white-color has-text-color\" style=\"font-size:27px\">Yenimahalle \/ ANKARA<\/p>\n\n\n\n<p class=\"has-text-align-center has-white-color has-text-color\" style=\"font-size:27px\">0532 052 19 23 <\/p>\n<\/div>\n<\/div><\/div>\n","protected":false},"excerpt":{"rendered":"","protected":false},"author":1,"featured_media":0,"parent":0,"menu_order":0,"comment_status":"closed","ping_status":"closed","template":"page-templates\/template-pagebuilder-full-width.php","meta":{"neve_meta_sidebar":"full-width","neve_meta_container":"","neve_meta_enable_content_width":"on","neve_meta_content_width":100,"neve_meta_title_alignment":"","neve_meta_author_avatar":"","neve_post_elements_order":"","neve_meta_disable_header":"","neve_meta_disable_footer":"","neve_meta_disable_title":"","neve_meta_reading_time":"","_themeisle_gutenberg_block_has_review":false,"footnotes":""},"class_list":["post-86","page","type-page","status-publish","hentry"],"_links":{"self":[{"href":"https:\/\/kasapgross.com.tr\/index.php?rest_route=\/wp\/v2\/pages\/86","targetHints":{"allow":["GET"]}}],"collection":[{"href":"https:\/\/kasapgross.com.tr\/index.php?rest_route=\/wp\/v2\/pages"}],"about":[{"href":"https:\/\/kasapgross.com.tr\/index.php?rest_route=\/wp\/v2\/types\/page"}],"author":[{"embeddable":true,"href":"https:\/\/kasapgross.com.tr\/index.php?rest_route=\/wp\/v2\/users\/1"}],"replies":[{"embeddable":true,"href":"https:\/\/kasapgross.com.tr\/index.php?rest_route=%2Fwp%2Fv2%2Fcomments&post=86"}],"version-history":[{"count":5,"href":"https:\/\/kasapgross.com.tr\/index.php?rest_route=\/wp\/v2\/pages\/86\/revisions"}],"predecessor-version":[{"id":308,"href":"https:\/\/kasapgross.com.tr\/index.php?rest_route=\/wp\/v2\/pages\/86\/revisions\/308"}],"wp:attachment":[{"href":"https:\/\/kasapgross.com.tr\/index.php?rest_route=%2Fwp%2Fv2%2Fmedia&parent=86"}],"curies":[{"name":"wp","href":"https:\/\/api.w.org\/{rel}","templated":true}]}}